{"id":15,"date":"2021-04-19T09:37:13","date_gmt":"2021-04-19T08:37:13","guid":{"rendered":"http:\/\/infobalkantv.com\/?page_id=15"},"modified":"2024-01-08T09:59:19","modified_gmt":"2024-01-08T08:59:19","slug":"f-a-q-rules","status":"publish","type":"page","link":"https:\/\/infobalkantv.com\/index.php\/f-a-q-rules\/","title":{"rendered":"F.A.Q. &#038; DMCA"},"content":{"rendered":"\n<pre class=\"wp-block-verse has-text-align-center\"><strong>DMCA<\/strong><\/pre>\n\n\n\n<p>Info Balkan TV <strong>ne emitira<\/strong> bilo koji TV kanal sa svojih poslu\u017eitelja, niti je na bilo koji na\u010din povezan s emitiranjem kanala. Info Balkan TV <strong>nije odgovoran<\/strong> za bilo kakva autorska prava ili probleme povezanog i ugra\u0111enog sadr\u017eaja na na\u0161oj web stranici, <strong>ne nudimo nikakvu ugovornu obavezu<\/strong>. Ako imate pravnih problema, obratite se stvarnom vlasniku streaming medija. Na\u0161a usluga napla\u0107iva se kori\u0161tenjem test lista koje nalazimo na webu i pode\u0161avanju na va\u0161 ure\u0111aj.<\/p>\n\n\n\n<p>Info Balkan TV pru\u017eitelj je internetskih usluga kako je definirano Zakonom o digitalnim autorskim pravima. &nbsp;Ako ste vlasnik autorskih prava na sadr\u017eaj koji se pojavljuje na web mjestu ili na\u0161oj usluzi i niste odobrili upotrebu sadr\u017eaja, morate nas pismeno obavijestiti kako bismo identificirali sadr\u017eaj koji navodno kr\u0161i autorska prava i poduzeli mjere. Kako biste olak\u0161ali postupak, kontaktirajte nas na e-mail. Ne\u0107emo biti u mogu\u0107nosti poduzeti mjere ako nam ne dostavite potrebne podatke, zato napi\u0161ite URL (vezu) odre\u0111enih datoteka. Va\u0161a pismena obavijest mora sadr\u017eavati sljede\u0107e:<\/p>\n\n\n\n<p><em>*Konkretna identifikacija djela za\u0161ti\u0107enog autorskim pravima za koje navodite da su prekr\u0161ena. Ako s jednom obavijesti navodite kr\u0161enje vi\u0161e djela za\u0161ti\u0107enih autorskim pravima, morate dostaviti reprezentativni popis koji posebno identificira svaki od djela za koja navodite da su kr\u0161ena.<\/em><\/p>\n\n\n\n<p><em>*Specifi\u010dna identifikacija mjesta i opis materijala za koji se tvrdi da kr\u0161i autorska prava ili je predmet kr\u0161enja prava s dovoljno detaljnih podataka koji nam omogu\u0107uju lociranje materijala. Trebali biste navesti odre\u0111ene URL-ove ili URL-ove web stranica na kojima se nalazi materijal koji navodno kr\u0161i autorska prava.<\/em><\/p>\n\n\n\n<p><em>*Podaci koji su razumno dovoljni da nam omogu\u0107e kontaktiranje stranke koja se \u017eali, a koji mogu sadr\u017eavati ime, adresu, telefonski broj i e-adresu na koju se mo\u017ee kontaktirati stranka koja se \u017eali.<\/em><\/p>\n\n\n\n<p><em>*Izjava da stranka koja podnosi pritu\u017ebu vjeruje da kori\u0161tenje materijala na na\u010din na koji se \u017eali nije odobreno od strane vlasnika autorskih prava, njegovog zastupnika ili zakona. Izjava da su podaci u obavijesti to\u010dni i pod kaznom krivokletstva da je stranka koja se \u017eali ovla\u0161tena djelovati u ime vlasnika ekskluzivnog prava koje je navodno povrije\u0111eno.<\/em><\/p>\n\n\n\n<p>DMCA kontakt<\/p>\n\n\n\n<p>Info Balkan TV<\/p>\n\n\n\n<p>E-po\u0161ta: <a href=\"mailto:infobalkaan@gmail.com\">infobalkaan@gmail.com<\/a><\/p>\n\n\n\n<p>+387 63 224 290<\/p>\n\n\n\n<p>\u201eTako\u0111er, imajte na umu da prema mjerodavnom zakonu, (f), svaka osoba koja svjesno materijalno la\u017eno predstavlja da materijal ili aktivnost kr\u0161i autorska prava mo\u017ee biti predmet odgovornosti.\u201c<\/p>\n\n\n\n<hr class=\"wp-block-separator has-css-opacity\"\/>\n\n\n\n<pre class=\"wp-block-verse has-text-align-center\"><strong>F. A. Q.<\/strong><\/pre>\n\n\n\n<p>Mo\u017ee li se testirati usluga?<\/p>\n\n\n\n<ul class=\"wp-block-list\">\n<li>Zbog zloupotrebe test liste (24h)\u00a0<strong>ne nudimo<\/strong> na sve ure\u0111aje, samo pojedine.<\/li>\n<\/ul>\n\n\n\n<p>Na koje sve ure\u0111aje mo\u017ee va\u0161a usluga?<\/p>\n\n\n\n<ul class=\"wp-block-list\">\n<li>U izborniku \u201c<a href=\"https:\/\/infobalkantv.com\/install-on-device\/\"><strong>install on device<\/strong><\/a>\u201d imate mogu\u0107nost vidjeti na\u00a0<strong>koje ure\u0111aje<\/strong>\u00a0nudimo uslugu.<\/li>\n<\/ul>\n\n\n\n<p>Moja lista ne radi u pojedinim dr\u017eavama?<\/p>\n\n\n\n<ul class=\"wp-block-list\">\n<li>Radi za\u0161tite liste i prebacivanja u drugu dr\u017eavu, Molimo Vas kontaktirajte nas.<\/li>\n<\/ul>\n\n\n\n<p>Koja mi je minimalna brzina interneta potrebna za gledanje va\u0161e usluge?<\/p>\n\n\n\n<ul class=\"wp-block-list\">\n<li>Glavni uvjet da koristite uslugu je&nbsp;<strong>internet<\/strong>,&nbsp;a iskustva su pokazala da se vec pri brzini od&nbsp;<strong>7 Mbps<\/strong>&nbsp;mo\u017eete gledati.<\/li>\n<\/ul>\n\n\n\n<p>Ide li s ugovorom, moram li potpisivati ugovor?<\/p>\n\n\n\n<ul class=\"wp-block-list\">\n<li>Bez\u00a0<strong>ugovorne obaveze<\/strong>, izaberite paket i gledajte. Nakon isteka paketa niste du\u017eni produ\u017eivati, ukoliko ne \u017eelite.<\/li>\n<\/ul>\n\n\n\n<p>Koje na\u010dine pla\u0107anja nudite?<\/p>\n\n\n\n<ul class=\"wp-block-list\">\n<li>Glavni\u00a0na\u010din pla\u0107anja je\u00a0<strong>PAYPAL<\/strong>,\u00a0koji je trenutno najsigurniji na\u010din pla\u0107anja za kupca i prodava\u010da, a imamo i druge opcije uplate.<\/li>\n<\/ul>\n\n\n\n<p>Mo\u017ee li se gledat na vi\u0161e ure\u0111aja s jednom listom?<\/p>\n\n\n\n<ul class=\"wp-block-list\">\n<li>Trenutno\u00a0<strong>nije mogu\u0107e<\/strong>\u00a0gledanje jedne liste na vi\u0161e ure\u0111aja istovremeno. Me\u0111utim, mo\u017eete instalirati doma na 2-4 ure\u0111aja, i gledati listu u razli\u010ditim vremenima ukoliko ste uzeli na du\u017ei period.<\/li>\n\n\n\n<li>Ukoliko \u017eelite gledati <strong>istovremeno<\/strong> na 2 ure\u0111aja, cijena usluge se korigira u dogovoru s nama.<\/li>\n<\/ul>\n\n\n\n<p>Mo\u017ee li se podesiti na&nbsp;<strong>KODI<\/strong>&nbsp;aplikaciju?<\/p>\n\n\n\n<ul class=\"wp-block-list\">\n<li>Kodi aplikacija je&nbsp;<strong>strogo zabranjena<\/strong>&nbsp;svaki poku\u0161aj gledanja preko nje rezultirat \u0107e trajnom blokadom ra\u010duna bez povrata sredstava.<\/li>\n<\/ul>\n\n\n\n<p>Mo\u017ee li se podjeliti lista rodbini ili prijateljima?<\/p>\n\n\n\n<ul class=\"wp-block-list\">\n<li>Svako&nbsp;<strong>javno \/ privatno<\/strong>&nbsp;davanje ili dijeljenje liste rezultirat ce&nbsp;<strong>trajnom blokadom<\/strong>!<\/li>\n<\/ul>\n\n\n\n<p>Lista mi se promjenila, nemam kanala koji je prije bio itd?<\/p>\n\n\n\n<ul class=\"wp-block-list\">\n<li>Zadr\u017eavamo pravo&nbsp;<strong>da mijenjamo<\/strong>&nbsp;(ubacivamo &amp; gasimo) kanale koji su izazvani kvarom na serveru.<\/li>\n<\/ul>\n\n\n\n<p>Neki servisi neke prijenose \u201czamra\u010de \/ prekinu\u201d na neko vrijeme, jel to kod vas slu\u010daj?<\/p>\n\n\n\n<ul class=\"wp-block-list\">\n<li><strong>Ne<\/strong><\/li>\n<\/ul>\n\n\n\n<p>Mogu li se vra\u0107ati kanali unazad?<\/p>\n\n\n\n<ul class=\"wp-block-list\">\n<li>Da, za pojedine kanale omogu\u0107ili smo opciju&nbsp;<strong>timeshift&nbsp;<\/strong>3 dana unazad.<\/li>\n<\/ul>\n\n\n\n<p>Mogu li kupiti resiver i va\u0161u uslugu zajedno?<\/p>\n\n\n\n<ul class=\"wp-block-list\">\n<li>Mi nudimo samo&nbsp;<strong>uslugu<\/strong>&nbsp;a kupnju resivera radite sami u konzultaciji s nama (\u0161ta kupiti, gdje itd).<\/li>\n<\/ul>\n\n\n\n<p>Pokvario mi se ure\u0111aj \/ ne \u017eelim va\u0161u uslugu?<\/p>\n\n\n\n<ul class=\"wp-block-list\">\n<li>Povrat sredstava&nbsp;<strong>ne radimo<\/strong>, ukoliko do\u0111e do potpunog prestanka izazvana \u201cvi\u0161om\u201d silom nismo du\u017eni vr\u0161iti povrat novca, napominjemo da smo tu ve\u0107 6 godina s Vama, uz velik broj zadovoljnih klijenata iz cijelog svijeta i nama je u interesu da sve radi.<\/li>\n<\/ul>\n\n\n\n<pre class=\"wp-block-verse has-text-align-center\"><strong>Va\u0161 info balkan TV team @copyright 2024<\/strong><\/pre>\n","protected":false},"excerpt":{"rendered":"<p>DMCA Info Balkan TV ne emitira bilo koji TV kanal sa svojih poslu\u017eitelja, niti je na bilo koji na\u010din povezan s emitiranjem kanala. Info Balkan TV nije odgovoran za bilo kakva autorska prava ili probleme povezanog i ugra\u0111enog sadr\u017eaja na na\u0161oj web stranici, ne nudimo nikakvu ugovornu obavezu. Ako imate pravnih problema, obratite se stvarnom [&hellip;]<\/p>\n","protected":false},"author":1,"featured_media":0,"parent":0,"menu_order":0,"comment_status":"closed","ping_status":"closed","template":"","meta":{"_joinchat":[],"footnotes":""},"class_list":["post-15","page","type-page","status-publish","hentry"],"jetpack_sharing_enabled":true,"_links":{"self":[{"href":"https:\/\/infobalkantv.com\/index.php\/wp-json\/wp\/v2\/pages\/15","targetHints":{"allow":["GET"]}}],"collection":[{"href":"https:\/\/infobalkantv.com\/index.php\/wp-json\/wp\/v2\/pages"}],"about":[{"href":"https:\/\/infobalkantv.com\/index.php\/wp-json\/wp\/v2\/types\/page"}],"author":[{"embeddable":true,"href":"https:\/\/infobalkantv.com\/index.php\/wp-json\/wp\/v2\/users\/1"}],"replies":[{"embeddable":true,"href":"https:\/\/infobalkantv.com\/index.php\/wp-json\/wp\/v2\/comments?post=15"}],"version-history":[{"count":6,"href":"https:\/\/infobalkantv.com\/index.php\/wp-json\/wp\/v2\/pages\/15\/revisions"}],"predecessor-version":[{"id":1813,"href":"https:\/\/infobalkantv.com\/index.php\/wp-json\/wp\/v2\/pages\/15\/revisions\/1813"}],"wp:attachment":[{"href":"https:\/\/infobalkantv.com\/index.php\/wp-json\/wp\/v2\/media?parent=15"}],"curies":[{"name":"wp","href":"https:\/\/api.w.org\/{rel}","templated":true}]}}