{"id":17,"date":"2021-04-19T09:37:13","date_gmt":"2021-04-19T08:37:13","guid":{"rendered":"http:\/\/infobalkantv.com\/?page_id=17"},"modified":"2025-07-25T11:06:55","modified_gmt":"2025-07-25T09:06:55","slug":"news","status":"publish","type":"page","link":"https:\/\/infobalkantv.com\/index.php\/news\/","title":{"rendered":"News"},"content":{"rendered":"\n<ul class=\"wp-block-list\">\n<li>Nova lista (lista 1) po\u010dinje s radom od 26.7.2025. Molimo sve korisnike da nam se jave radi prebacivanja na novi bolji i brzi server s bogatijim sadrzajem. Cijena prebacivanja je besplatna, a nove cijene liste 1 mozete vidjeti na webu (Buy Now) Hvala na razumijevanju, va\u0161 IBTV.<\/li>\n<\/ul>\n\n\n\n<p><\/p>\n\n\n\n<ul class=\"wp-block-list\">\n<li>4\/2025 &#8211; IBTV Play aplikacija dostupna za amazon fire tv stick i android tv, video instalacije <a href=\"https:\/\/www.youtube.com\/watch?v=ZW7aN3P4OCg\">ovdje!<\/a><\/li>\n\n\n\n<li>3\/2025 &#8211; Ukoliko imate problema s na\u0161om aplikacijom IBTV za vas smo pripremili drugu aplikaciju za listu 1 i 2 koju mozete skinuti <a href=\"https:\/\/infobalkantv.com\/download\/IBTVPlay.apk\">ovdje!<\/a><\/li>\n\n\n\n<li>3\/2025 &#8211; IBTV Play nova aplikacija dostupna na google play store, uskoro i na android tv ure\u0111ajima<\/li>\n<\/ul>\n\n\n\n<hr class=\"wp-block-separator has-css-opacity\"\/>\n\n\n\n<ul class=\"wp-block-list\">\n<li>02\/2024 &#8211; Lista 1 &amp; 2 mogu\u0107e gledati preko <strong>iptv smarters<\/strong> app na TV Samsung \/ LG (besplatna za na\u0161e korisnike)<\/li>\n\n\n\n<li>01\/2024 &#8211; Novi sustav za\u0161tite liste 1 i 2 stupa na snagu od 1.1.2024. <\/li>\n\n\n\n<li>01\/2024 &#8211; Na\u0161u app IBTV mo\u017eete skinuti ru\u010dno <a href=\"https:\/\/infobalkantv.com\/download\/IBTV.apk\"><strong>ovdje!<\/strong><\/a> ukoliko nemate google play store.<\/li>\n\n\n\n<li>04\/2023 &#8211;<strong> <\/strong>Pode\u0161avanje<strong> VLC playera<\/strong> preko na\u0161e IBTV aplikacije, mo\u017eete pogledati<strong> <a href=\"https:\/\/youtu.be\/VSeZXCcKW6Q\">ovdje!<\/a><\/strong><\/li>\n\n\n\n<li>12\/2022 &#8211;<strong> IBTV Play<\/strong> dostupna za android TV ure\u0111aje.<\/li>\n\n\n\n<li>11\/2022 &#8211;<strong> IBTV <\/strong>(google play store) novi update je iza\u0161ao, Molimo Vas an\u017eurirajte aplikaciju!<\/li>\n\n\n\n<li>10\/2022 &#8211;<strong> IBTV Play<\/strong> (google play store) ponovno je aktivna s novim updatom!<\/li>\n\n\n\n<li>07\/2022 &#8211; Dodani su novi sportski kanali za HNL <\/li>\n\n\n\n<li>07\/2022 &#8211; Obavijest na\u0161im korisnicima&nbsp;<strong>Liste 2<\/strong>&nbsp;da od&nbsp;<strong>1.7.2022.<\/strong>&nbsp;idu nove&nbsp;cijene paketa! Hvala na razumijevanju.<\/li>\n<\/ul>\n\n\n\n<hr class=\"wp-block-separator has-css-opacity\"\/>\n\n\n\n<ul class=\"wp-block-list\">\n<li>05\/2022 &#8211; Obavije\u0161tavamo na\u0161e korisnike<strong> Liste 1<\/strong> da od <strong>1.5.2022.<\/strong> idu nove cijene paketa! Hvala na razumijevanju. <\/li>\n\n\n\n<li>05\/2022 &#8211; <strong>Zbog sve ve\u0107ih la\u017enih profila i zloupotrebe na\u0161eg imena, aplikacije i servisa obavje\u0161tavamo sada\u0161nje i budu\u0107e korisnike da koristite isklju\u010divo narud\u017ebe putem na\u0161eg webshopa ili na kontakt \/ email na na\u0161oj web stranici! Va\u0161 ibtv team<\/strong><\/li>\n<\/ul>\n\n\n\n<hr class=\"wp-block-separator has-css-opacity\"\/>\n\n\n\n<ul class=\"wp-block-list\">\n<li>01\/2022 &#8211; <strong>IBTV Play<\/strong> na\u0161a nova aplikacija koju mo\u017eete besplatno koristiti na va\u0161em android ure\u0111aju. Skinuti je preko google play store<\/li>\n\n\n\n<li>01\/2022 &#8211; <strong>IBTV <\/strong> novi update za na\u0161u aplikaciju, an\u017eurirajte na novu verziju ukoliko imate problema s reprodukcijom sadr\u017eaja.<\/li>\n<\/ul>\n\n\n\n<hr class=\"wp-block-separator has-css-opacity\"\/>\n\n\n\n<div class=\"wp-block-buttons is-horizontal is-content-justification-center is-layout-flex wp-container-core-buttons-is-layout-499968f5 wp-block-buttons-is-layout-flex\">\n<div class=\"wp-block-button\"><a class=\"wp-block-button__link wp-element-button\" href=\"https:\/\/infobalkantv.com\/index.php\/arhiva\/\">ARHIVA<\/a><\/div>\n<\/div>\n\n\n\n<p><\/p>\n","protected":false},"excerpt":{"rendered":"","protected":false},"author":1,"featured_media":0,"parent":0,"menu_order":0,"comment_status":"closed","ping_status":"closed","template":"","meta":{"_joinchat":[],"footnotes":""},"class_list":["post-17","page","type-page","status-publish","hentry"],"jetpack_sharing_enabled":true,"_links":{"self":[{"href":"https:\/\/infobalkantv.com\/index.php\/wp-json\/wp\/v2\/pages\/17","targetHints":{"allow":["GET"]}}],"collection":[{"href":"https:\/\/infobalkantv.com\/index.php\/wp-json\/wp\/v2\/pages"}],"about":[{"href":"https:\/\/infobalkantv.com\/index.php\/wp-json\/wp\/v2\/types\/page"}],"author":[{"embeddable":true,"href":"https:\/\/infobalkantv.com\/index.php\/wp-json\/wp\/v2\/users\/1"}],"replies":[{"embeddable":true,"href":"https:\/\/infobalkantv.com\/index.php\/wp-json\/wp\/v2\/comments?post=17"}],"version-history":[{"count":49,"href":"https:\/\/infobalkantv.com\/index.php\/wp-json\/wp\/v2\/pages\/17\/revisions"}],"predecessor-version":[{"id":2529,"href":"https:\/\/infobalkantv.com\/index.php\/wp-json\/wp\/v2\/pages\/17\/revisions\/2529"}],"wp:attachment":[{"href":"https:\/\/infobalkantv.com\/index.php\/wp-json\/wp\/v2\/media?parent=17"}],"curies":[{"name":"wp","href":"https:\/\/api.w.org\/{rel}","templated":true}]}}