{"id":908,"date":"2022-07-12T08:44:41","date_gmt":"2022-07-12T06:44:41","guid":{"rendered":"https:\/\/infobalkantv.com\/?page_id=908"},"modified":"2022-07-12T08:59:03","modified_gmt":"2022-07-12T06:59:03","slug":"arhiva","status":"publish","type":"page","link":"https:\/\/infobalkantv.com\/index.php\/arhiva\/","title":{"rendered":"ARHIVA"},"content":{"rendered":"\n<div class=\"wp-block-group\"><div class=\"wp-block-group__inner-container is-layout-flow wp-block-group-is-layout-flow\">\n<div class=\"wp-block-columns is-layout-flex wp-container-core-columns-is-layout-9d6595d7 wp-block-columns-is-layout-flex\">\n<div class=\"wp-block-column is-layout-flow wp-block-column-is-layout-flow\">\n<ul class=\"wp-block-list\"><li>prosinac 2021 &#8211; Korisnici samsung i lg smart tv-a od danas mogu koristiti <strong>besplatnu<\/strong> aplikaciju I<strong>PTV SMARTERS <\/strong>(PRO) koju smo za Vas aktivirali do\u017eivotno u suradnji s proizvo\u0111a\u010dem te app.<\/li><\/ul>\n<\/div>\n<\/div>\n<\/div><\/div>\n\n\n\n<hr class=\"wp-block-separator\"\/>\n\n\n\n<ul class=\"wp-block-list\"><li>listopad &#8211; <strong>IBTV app<\/strong> novi update na\u0161e aplikacije s jednostavnim login-om, multi-screen opcijom i snimanjem. App mo\u017eete skinuti preko google play stora, ili<a href=\"https:\/\/play.google.com\/store\/apps\/details?id=com.balkantviptv.balkantviptvbox\"><strong> ovdje!<\/strong><\/a><\/li><\/ul>\n\n\n\n<hr class=\"wp-block-separator\"\/>\n\n\n\n<ul class=\"wp-block-list\"><li>rujan &#8211; <strong>DuplexPlay <\/strong>aplikacija prestaje s uslugom novih instalacija i produzivanjem licenci. Sve info na njihovoj <a href=\"https:\/\/duplexplay.com\/default.aspx\" title=\"https:\/\/duplexplay.com\/default.aspx\" target=\"_blank\" rel=\"noreferrer noopener\"><strong>stranici.<\/strong><\/a><\/li><\/ul>\n\n\n\n<hr class=\"wp-block-separator\"\/>\n\n\n\n<ul class=\"wp-block-list\"><li>lipanj\/srpanj &#8211; <strong>Akcija<\/strong> na godi\u0161nju preplatu do 31.7. cijene mo\u017eete vidjeti na shopu.<\/li><\/ul>\n\n\n\n<hr class=\"wp-block-separator\"\/>\n\n\n\n<ul class=\"wp-block-list\"><li>svibanj \u2013 <strong>DuplexPlay aktivacija<\/strong>! Omogu\u0107ili smo Vam aktivaciju app na 12 mjeseci putem na\u0161eg webshopa. <a href=\"https:\/\/www.youtube.com\/watch?v=K8q14agoLgg\" data-type=\"URL\" data-id=\"https:\/\/www.youtube.com\/watch?v=K8q14agoLgg\">video<\/a><\/li><\/ul>\n\n\n\n<hr class=\"wp-block-separator\"\/>\n\n\n\n<ul class=\"wp-block-list\"><li>travanj \u2013 <strong>Problemi s mag ure\u0111ajima<\/strong>? (mag 250, 254, 256, 322&#8230;) Zbog sve vi\u0161e problema sa starijim mag ure\u0111ajima nudimo Vam rije\u0161enje instalacije smart iptv app na va\u0161 mag.&nbsp;<a href=\"https:\/\/www.youtube.com\/watch?v=uhVAES_xp8o\" data-type=\"URL\" data-id=\"https:\/\/www.youtube.com\/watch?v=uhVAES_xp8o\">video<\/a><\/li><\/ul>\n\n\n\n<hr class=\"wp-block-separator\"\/>\n\n\n\n<ul class=\"wp-block-list\"><li>o\u017eujak \u2013 <strong>lista 2<\/strong> prijava s username i lozinkom preko na\u0161e aplikacije (android).&nbsp;<a href=\"https:\/\/www.youtube.com\/watch?v=159PKbxvIb4\">video<\/a><\/li><\/ul>\n\n\n\n<hr class=\"wp-block-separator\"\/>\n\n\n\n<ul class=\"wp-block-list\"><li>velja\u010da \u2013 <strong>timeshift<\/strong> vra\u0107anje kanala unazad na 2-3 dana za pojedine kanale.\u00a0<a href=\"https:\/\/www.youtube.com\/watch?v=wPPXeyp-3M8\">video<\/a><\/li><li>velja\u010da \u2013 <strong>web shop<\/strong> u funkciji, pla\u0107anje preko kartica.\u00a0<a href=\"https:\/\/www.youtube.com\/watch?v=HinLnbNO0Ow\">video<\/a><\/li><\/ul>\n\n\n\n<div class=\"wp-block-buttons is-content-justification-center is-layout-flex wp-block-buttons-is-layout-flex\">\n<div class=\"wp-block-button\"><a class=\"wp-block-button__link\" href=\"https:\/\/infobalkantv.com\/index.php\/news\/\">BACK<\/a><\/div>\n<\/div>\n","protected":false},"excerpt":{"rendered":"<p>prosinac 2021 &#8211; Korisnici samsung i lg smart tv-a od danas mogu koristiti besplatnu aplikaciju IPTV SMARTERS (PRO) koju smo za Vas aktivirali do\u017eivotno u suradnji s proizvo\u0111a\u010dem te app. listopad &#8211; IBTV app novi update na\u0161e aplikacije s jednostavnim login-om, multi-screen opcijom i snimanjem. App mo\u017eete skinuti preko google play stora, ili ovdje! rujan [&hellip;]<\/p>\n","protected":false},"author":1,"featured_media":0,"parent":0,"menu_order":0,"comment_status":"closed","ping_status":"closed","template":"","meta":{"_joinchat":[],"footnotes":""},"class_list":["post-908","page","type-page","status-publish","hentry"],"jetpack_sharing_enabled":true,"_links":{"self":[{"href":"https:\/\/infobalkantv.com\/index.php\/wp-json\/wp\/v2\/pages\/908","targetHints":{"allow":["GET"]}}],"collection":[{"href":"https:\/\/infobalkantv.com\/index.php\/wp-json\/wp\/v2\/pages"}],"about":[{"href":"https:\/\/infobalkantv.com\/index.php\/wp-json\/wp\/v2\/types\/page"}],"author":[{"embeddable":true,"href":"https:\/\/infobalkantv.com\/index.php\/wp-json\/wp\/v2\/users\/1"}],"replies":[{"embeddable":true,"href":"https:\/\/infobalkantv.com\/index.php\/wp-json\/wp\/v2\/comments?post=908"}],"version-history":[{"count":2,"href":"https:\/\/infobalkantv.com\/index.php\/wp-json\/wp\/v2\/pages\/908\/revisions"}],"predecessor-version":[{"id":914,"href":"https:\/\/infobalkantv.com\/index.php\/wp-json\/wp\/v2\/pages\/908\/revisions\/914"}],"wp:attachment":[{"href":"https:\/\/infobalkantv.com\/index.php\/wp-json\/wp\/v2\/media?parent=908"}],"curies":[{"name":"wp","href":"https:\/\/api.w.org\/{rel}","templated":true}]}}